{"id":2361,"date":"2020-04-30T14:13:05","date_gmt":"2020-04-30T18:13:05","guid":{"rendered":"http:\/\/www.bposhtels.com\/?page_id=2361"},"modified":"2026-02-11T22:53:29","modified_gmt":"2026-02-12T03:53:29","slug":"trabalhadores-de-intercambio","status":"publish","type":"page","link":"https:\/\/www.bposhtels.com\/pt\/trabalhadores-de-intercambio\/","title":{"rendered":"Volunt\u00e1rios de interc\u00e2mbio ganham estadias gratuitas"},"content":{"rendered":"<div data-elementor-type=\"wp-page\" data-elementor-id=\"2361\" class=\"elementor elementor-2361\" data-elementor-post-type=\"page\">\n\t\t\t\t<div class=\"elementor-element elementor-element-b64297f e-con-full e-flex e-con e-parent\" data-id=\"b64297f\" data-element_type=\"container\" data-e-type=\"container\" data-settings=\"{&quot;background_background&quot;:&quot;classic&quot;}\">\n\t\t\t\t<div class=\"elementor-element elementor-element-03f433f elementor--h-position-right elementor--v-position-middle elementor-widget elementor-widget-slides\" data-id=\"03f433f\" data-element_type=\"widget\" data-e-type=\"widget\" data-settings=\"{&quot;navigation&quot;:&quot;none&quot;,&quot;transition&quot;:&quot;slide&quot;,&quot;transition_speed&quot;:500}\" data-widget_type=\"slides.default\">\n\t\t\t\t\t\t\t\t\t\t<div class=\"elementor-slides-wrapper elementor-main-swiper swiper\" role=\"region\" aria-roledescription=\"carousel\" aria-label=\"Slides\" dir=\"ltr\" data-animation=\"fadeInUp\">\n\t\t\t\t<div class=\"swiper-wrapper elementor-slides\">\n\t\t\t\t\t\t\t\t\t\t<div class=\"elementor-repeater-item-2b9d1c7 swiper-slide\" role=\"group\" aria-roledescription=\"slide\"><div class=\"swiper-slide-bg elementor-ken-burns elementor-ken-burns--in\"><\/div><div class=\"swiper-slide-inner\" ><div class=\"swiper-slide-contents\"><div class=\"elementor-slide-heading\">Trabalhador de interc\u00e2mbio \/ Volunt\u00e1rio \/ Embaixador<\/div><div class=\"elementor-slide-description\">Ganhe estadias gratuitas mais longas<\/div><\/div><\/div><\/div>\t\t\t\t<\/div>\n\t\t\t\t\t\t\t<\/div>\n\t\t\t\t\t\t\t\t<\/div>\n\t\t\t\t<\/div>\n\t\t<div class=\"elementor-element elementor-element-e0dcd70 e-flex e-con-boxed e-con e-parent\" data-id=\"e0dcd70\" data-element_type=\"container\" data-e-type=\"container\" data-settings=\"{&quot;background_background&quot;:&quot;classic&quot;}\">\n\t\t\t\t\t<div class=\"e-con-inner\">\n\t\t\t\t<div class=\"elementor-element elementor-element-93abbeb elementor-widget elementor-widget-text-editor\" data-id=\"93abbeb\" data-element_type=\"widget\" data-e-type=\"widget\" data-widget_type=\"text-editor.default\">\n\t\t\t\t\t\t\t\t\t<p style=\"text-align: center;\"><strong>A Bposhtels tem o prazer de oferecer oportunidades de voluntariado em troca de estadias gratuitas de pelo menos 3 horas di\u00e1rias de assist\u00eancia em albergues. Torne-se um dos nossos Embaixadores!<\/strong><\/p><p>H\u00e1 oportunidades dispon\u00edveis em locais e \u00e9pocas espec\u00edficas do ano. \u00c9 necess\u00e1rio ter ingl\u00eas fluente e no m\u00ednimo 21 anos de idade.<\/p><p>Enviar para\u00a0<span style=\"text-decoration: underline;\">corporate@bposhtels.com<\/span>:<\/p><ul><li>Curr\u00edculo\/CV<\/li><li>N\u00famero do WhatsApp \u2013 Essencial<\/li><li>Links para perfis de redes sociais<\/li><li>C\u00f3pia do documento de identidade<\/li><li>Locais desejados para Bposhtels (quantos forem melhores)<\/li><li>Datas de in\u00edcio desejadas e dura\u00e7\u00e3o da estadia (m\u00ednimo de um m\u00eas)<\/li><li>Podemos ou n\u00e3o reembolsar o seu transporte ap\u00f3s<\/li><li>Enviaremos um e-mail para que voc\u00ea leia e assine eletronicamente nossos Termos.<\/li><li>Depois, caso respondamos aprovando sua inscri\u00e7\u00e3o inicial, voc\u00ea poder\u00e1 agendar uma reuni\u00e3o virtual por v\u00eddeo. <span style=\"text-decoration: underline;\"><strong><a href=\"https:\/\/meetings.hubspot.com\/marcos-bravo\" target=\"_blank\" rel=\"noopener\">AQUI<\/a><\/strong><\/span><\/li><\/ul><p>A estadia gratuita inclui os mesmos benef\u00edcios oferecidos aos h\u00f3spedes regulares do hostel. Oferecemos treinamento e podemos at\u00e9 conceder entradas gratuitas para atra\u00e7\u00f5es locais. Al\u00e9m disso, explore nosso Instagram em [inserir link aqui]. <span style=\"text-decoration: underline;\"><a href=\"https:\/\/www.instagram.com\/bposhtels\/\" target=\"_blank\" rel=\"noopener\">instagram.com\/bposhtels<\/a><\/span><\/p><p>A oportunidade de trabalho em interc\u00e2mbio consiste em uma combina\u00e7\u00e3o de atendimento ao cliente, recep\u00e7\u00e3o r\u00e1pida, organiza\u00e7\u00e3o de atividades sociais, limpeza leve, inspe\u00e7\u00f5es e prepara\u00e7\u00e3o de quartos. A maior necessidade de disponibilidade \u00e9 nos hor\u00e1rios das 11h \u00e0s 12h, das 15h \u00e0s 16h e \u00e0 noite. D\u00e1-se prefer\u00eancia a estadias em dormit\u00f3rios mistos. Somos flex\u00edveis com os dias de folga, caso necess\u00e1rio, mediante aviso pr\u00e9vio e avalia\u00e7\u00e3o individual. Se o desempenho for satisfat\u00f3rio, poderemos contratar para vagas remuneradas!<\/p><p>Se voc\u00ea for aceito como volunt\u00e1rio, compartilharemos nosso Manual de Opera\u00e7\u00f5es, acesso aos sistemas e aos chats em grupo.<\/p><p>O principal objetivo do programa de interc\u00e2mbio de trabalho \u00e9 promover o entendimento intercultural, ao mesmo tempo que ajuda a equipe a aumentar os \u00edndices de satisfa\u00e7\u00e3o dos nossos h\u00f3spedes (avalia\u00e7\u00f5es online). Os benef\u00edcios do interc\u00e2mbio de trabalho com a Bposhtels incluem:<\/p><ul><li>Conhe\u00e7a novas pessoas do mundo todo, incluindo viajantes, funcion\u00e1rios e outros volunt\u00e1rios.<\/li><li>Trabalhar para aumentar a compreens\u00e3o e a toler\u00e2ncia, ajudando as pessoas a quebrar barreiras culturais.<\/li><li>Ajude os viajantes a terem uma \u00f3tima experi\u00eancia.<\/li><li>Desenvolva habilidades em l\u00ednguas estrangeiras, comunica\u00e7\u00e3o intercultural e muito mais.<\/li><\/ul><p style=\"text-align: center;\">Agradecemos o seu interesse e esperamos receber a sua candidatura!<\/p>\t\t\t\t\t\t\t\t<\/div>\n\t\t\t\t\t<\/div>\n\t\t\t\t<\/div>\n\t\t<div class=\"elementor-element elementor-element-4d93260 e-flex e-con-boxed e-con e-parent\" data-id=\"4d93260\" data-element_type=\"container\" data-e-type=\"container\" data-settings=\"{&quot;background_background&quot;:&quot;classic&quot;}\">\n\t\t\t\t\t<div class=\"e-con-inner\">\n\t\t\t\t<div class=\"elementor-element elementor-element-deee654 elementor-widget elementor-widget-button\" data-id=\"deee654\" data-element_type=\"widget\" data-e-type=\"widget\" data-widget_type=\"button.default\">\n\t\t\t\t\t\t\t\t\t\t<a class=\"elementor-button elementor-button-link elementor-size-sm\" href=\"https:\/\/www.bposhtels.com\/pt\/carreiras\/\">\n\t\t\t\t\t\t<span class=\"elementor-button-content-wrapper\">\n\t\t\t\t\t\t\t\t\t<span class=\"elementor-button-text\">Carreiras: Vagas Remuneradas<\/span>\n\t\t\t\t\t<\/span>\n\t\t\t\t\t<\/a>\n\t\t\t\t\t\t\t\t<\/div>\n\t\t\t\t\t<\/div>\n\t\t\t\t<\/div>\n\t\t\t\t<\/div>","protected":false},"excerpt":{"rendered":"<p>Exchange Worker \/ Volunteer \/ AmbassadorsEarn Longer Free Stays Bposhtels is excited to offer volunteer opportunities in exchange for free stays of at least 3 hours of hostel assistance a day. Become our one of our Ambassadors! Opportunity is available at certain locations and times of the year. Must have fluent English and be at [&hellip;]<\/p>","protected":false},"author":1,"featured_media":4062,"parent":0,"menu_order":0,"comment_status":"closed","ping_status":"closed","template":"elementor_header_footer","meta":{"_joinchat":[],"footnotes":""},"class_list":["post-2361","page","type-page","status-publish","has-post-thumbnail","hentry"],"_links":{"self":[{"href":"https:\/\/www.bposhtels.com\/pt\/wp-json\/wp\/v2\/pages\/2361","targetHints":{"allow":["GET"]}}],"collection":[{"href":"https:\/\/www.bposhtels.com\/pt\/wp-json\/wp\/v2\/pages"}],"about":[{"href":"https:\/\/www.bposhtels.com\/pt\/wp-json\/wp\/v2\/types\/page"}],"author":[{"embeddable":true,"href":"https:\/\/www.bposhtels.com\/pt\/wp-json\/wp\/v2\/users\/1"}],"replies":[{"embeddable":true,"href":"https:\/\/www.bposhtels.com\/pt\/wp-json\/wp\/v2\/comments?post=2361"}],"version-history":[{"count":78,"href":"https:\/\/www.bposhtels.com\/pt\/wp-json\/wp\/v2\/pages\/2361\/revisions"}],"predecessor-version":[{"id":11136,"href":"https:\/\/www.bposhtels.com\/pt\/wp-json\/wp\/v2\/pages\/2361\/revisions\/11136"}],"wp:featuredmedia":[{"embeddable":true,"href":"https:\/\/www.bposhtels.com\/pt\/wp-json\/wp\/v2\/media\/4062"}],"wp:attachment":[{"href":"https:\/\/www.bposhtels.com\/pt\/wp-json\/wp\/v2\/media?parent=2361"}],"curies":[{"name":"wp","href":"https:\/\/api.w.org\/{rel}","templated":true}]}}